{"id":967,"date":"2018-06-06T07:33:03","date_gmt":"2018-06-06T07:33:03","guid":{"rendered":"http:\/\/palazzopulieri.it\/?page_id=967"},"modified":"2019-03-20T14:11:11","modified_gmt":"2019-03-20T14:11:11","slug":"privacypolicy","status":"publish","type":"page","link":"https:\/\/palazzopulieri.it\/en\/privacypolicy\/","title":{"rendered":"Privacy Policy"},"content":{"rendered":"<p class=\"p1\"><span class=\"s1\">Informative sito internet <a href=\"http:\/\/www.palazzopulieri.it\"><span class=\"s2\">www.palazzopulieri.it<\/span><\/a><\/span><\/p>\n<p class=\"p1\"><span class=\"s1\">&#8211; Informativa di navigazione del sito internet <\/span><\/p>\n<p class=\"p1\"><span class=\"s1\">&#8211; Informativa dei cookies<\/span><\/p>\n<p class=\"p1\"><span class=\"s1\">INFORMATIVA DI NAVIGAZIONE E DEI COOKIES DEL SITO INTERNET<\/span><\/p>\n<p class=\"p1\"><span class=\"s1\">Questa informativa descrive ampiamente le pratiche che abbiamo adottato. <\/span><\/p>\n<p class=\"p1\"><span class=\"s1\">In questa pagina si descrivono le modalit\u00e0 di gestione del sito in riferimento al trattamento dei dati personali degli utenti che lo consultano. Il trattamento si basa sempre su principi di liceit\u00e0 e correttezza in ottemperanza a tutte le vigenti normative e vengono adottate idonee misure di sicurezza a protezione dei dati. <\/span><\/p>\n<p class=\"p1\"><span class=\"s1\">Tale policy privacy \u00e8 data anche come breve informativa ai sensi dell\u2019art. 13 D.Lgs. 196\/2003 e ai sensi dell\u2019art. 13 GDPR 679\/2016 Regolamento Europeo in materia di privacy, nonch\u00e9 ai sensi del Provvedimento in materia di cookie n. 29 dell\u20198 maggio 2014, si desidera informare i visitatori del sito circa l\u2019utilizzo dei dati inseriti e dei cookie utilizzati dal sito stesso. L\u2019informativa \u00e8 resa anche ai sensi della Raccomandazione n. 2\/2001 adottata dal Gruppo di Lavoro istituito dall\u2019art. 29 della direttiva n. 95\/46\/CE, a coloro che interagiscono con i servizi web di questo sito, al fine della protezione dei dati personali, accessibili per via telematica a partire dall\u2019indirizzo. Utilizzando uno qualsiasi dei nostri servizi e\/o accettando la presente informativa, per esempio nell\u2019ambito della registrazione a uno dei nostri servizi, acconsenti alla raccolta e all\u2019uso delle informazioni personali come descritto nella presente informativa. <\/span><\/p>\n<p class=\"p1\"><span class=\"s1\">Questa informativa descrive ampiamente le pratiche che abbiamo adottato. <\/span><\/p>\n<p class=\"p1\"><span class=\"s1\">Ti preghiamo di osservare che questa Informativa non si applica al trattamento delle informazioni personali per conto di e soggette alle istruzioni di terze parti, quali compagnie aeree, societ\u00e0 di autonoleggio e altri fornitori di servizi, societ\u00e0 che organizzano o offrono pacchetti di viaggio, partner commerciali o clienti aziendali. <\/span><\/p>\n<p class=\"p1\"><span class=\"s1\">1) Informazioni personali che raccogliamo. <\/span><\/p>\n<p class=\"p1\"><span class=\"s1\">In ogni occasione di contatto o interazione con l\u2019ospite e in tutti gli altri aspetti del nostro lavoro, possiamo raccogliere delle informazioni personali. Queste informazioni personali possono includere: le tue informazioni di contatto; informazioni caratteristiche personali, nazionalit\u00e0, numero di passaporto; cronologia dei viaggi; informazioni di pagamento, come il numero della carta di credito e altre informazioni sulla carta, cos\u00ec come informazioni di autenticazione e altri dettagli di fatturazione; preferenze, previo consenso scritto dell\u2019ospite; preferenze, previo consenso scritto, riguardo a marketing e comunicazione; nonch\u00e9 relative alla tua prenotazione.<\/span><\/p>\n<p class=\"p1\"><span class=\"s1\">&#8211; Raccolta presso la propriet\u00e0: <\/span><\/p>\n<p class=\"p1\"><span class=\"s1\">raccogliamo ulteriori informazioni personali durante la registrazione\/ il check-in presso la nostra struttura, tra cui le informazioni richieste dalle leggi locali. <\/span><\/p>\n<p class=\"p1\"><span class=\"s1\">&#8211; Profili degli eventi: <\/span><\/p>\n<p class=\"p1\"><span class=\"s1\">se prevedi di organizzare un evento con noi, registreremo le specifiche dell\u2019evento, la data, il numero degli ospiti, i dettagli sulle camere per gli ospiti, e per gli eventi aziendali, le informazioni sulla tua organizzazione (nome, budget annuale, numero di eventi sponsorizzati ogni anno). Raccogliamo anche informazioni sugli ospiti che fanno parte dell\u2019evento o del tuo gruppo. <\/span><\/p>\n<p class=\"p1\"><span class=\"s1\">2) Informazioni che raccogliamo da terze parti<\/span><\/p>\n<p class=\"p1\"><span class=\"s1\">Possiamo anche raccogliere informazioni su di te e terze parti, fra cui informazioni dai nostri partner (agenzie di viaggi, compagnie aeree, carte di pagamento) e da altri partner; da fonti di terze parti. Possiamo aggiungere tali informazioni a quelle di cui gi\u00e0 disponiamo in archivio e condividerle con altri in base a quanto stabilito in questa normativa. <\/span><\/p>\n<p class=\"p1\"><span class=\"s1\">3) Finalit\u00e0 di trattamento<\/span><\/p>\n<p class=\"p1\"><span class=\"s1\">Il trattamento dei dati \u00e8 finalizzato per le seguenti finalit\u00e0: <\/span><\/p>\n<p class=\"p1\"><span class=\"s1\">&#8211; alla gestione dei rapporti con la clientela (gestione delle prenotazioni, emissione di fatture, preventivi), a eseguire eventuali obblighi contrattuali, alla gestione del contenzioso e nonch\u00e9 ad adempiere agli obblighi normativi, in particolare quelli contabili e fiscali; per fornire e personalizzare i servizi che richiedi e che ti aspetti da Palazzo Pulieri nel caso di prenotazione del soggiorno, per offrirti il livello di ospitalit\u00e0 atteso in camera e come descritto di seguito in maggior dettaglio: <\/span><\/p>\n<p class=\"p1\"><span class=\"s1\">&#8211; all\u2019invio (previo Tuo consenso scritto) di offerte promozionali sui nostri servizi e aggiornamento sulle tariffe e sulle offerte praticate nonch\u00e9 di auguri a mezzo posta ordinaria o tramite fax o email;<\/span><\/p>\n<p class=\"p1\"><span class=\"s1\">&#8211; a dare esecuzione (previo Tuo consenso scritto) a servizi alberghieri quali la comunicazione esterna dei dati relativi al Tuo soggiorno al fine esclusivo di consentire la funzione di ricevimento oggetti, messaggi e telefonate a Te indirizzate; <\/span><\/p>\n<p class=\"p1\"><span class=\"s1\">&#8211; trattare, previo consenso scritto, i dati cd. sensibili da Te volontariamente trasmessi al fine di offrire un migliore livello di ospitalit\u00e0 presso la nostra struttura. <\/span><\/p>\n<p class=\"p1\"><span class=\"s1\">3\/1 Ulteriori finalit\u00e0<\/span><\/p>\n<p class=\"p1\"><span class=\"s1\">I sistemi informatici e le procedure software preposte al funzionamento di questo sito web acquisiscono, nel corso del loro normale esercizio alcuni dati personali la cui trasmissione \u00e8 implicita nell\u2019uso dei protocolli di comunicazione di internet. Tali informazioni non sono raccolte per essere associate a interessi identificati, ma che per loro stessa natura potrebbero, attraverso elaborazioni con dati detenuti da terzi, permettere di identificare gli utenti.<\/span><\/p>\n<p class=\"p1\"><span class=\"s1\">In questa categoria di dati rientrano gli indirizzi IO o i nomi a dominio dei computer utilizzati dagli utenti che si connettono al sito, gli indirizzi in notazione URI (Uniform resource Identifier) delle risorse richieste, l\u2019orario della richiesta, il metodo utilizzato nel sottoporre la richiesta al server, la dimensione del file ottenuto in risposta, il codice numerico indicante lo stato della risposta data dal server ed atri parametri relativi al sistema operativo e all\u2019ambiente informatico dell\u2019utente. <\/span><\/p>\n<p class=\"p1\"><span class=\"s1\">Questi dati vengono utilizzati al solo fine di ricavare informazioni statistiche anonime sull\u2019uso del sito e per controllarne il corretto funzionamento e vengono cancellate immediatamente dopo l\u2019elaborazione. <\/span><\/p>\n<p class=\"p1\"><span class=\"s1\">I dati potrebbero, altres\u00ec, essere utilizzati per l\u2019accertamento di responsabilit\u00e0 in caso di ipotetici reali informatici ai danni del sito. <\/span><\/p>\n<p class=\"p1\"><span class=\"s1\">4) Identit\u00e0 del titolare del trattamento<\/span><\/p>\n<p class=\"p1\"><span class=\"s1\">Questo sito \u00e8 gestito dal Titolare del trattamento, identificato nella persona del titolare di Palazzo Pulieri, con sede legale in Roma, via Poli n. 29 \u2013 00187 Roma \u2013 P.IVA 10761230589 \u2013 mail: <a href=\"mailto:info@palazzopulieri.it\"><span class=\"s2\">info@palazzopulieri.it<\/span><\/a>, e sede operativa in Altino (CH), via Roma n. 45 \u2013 66040. <\/span><\/p>\n<p class=\"p1\"><span class=\"s1\">Il titolare del trattamento garantisce sicurezza, riservatezza e protezione di cui \u00e8 in possesso, in qualsiasi fase del processo di trattamento degli stessi. <\/span><\/p>\n<p class=\"p1\"><span class=\"s1\">I dati raccolti vengono utilizzati nel rispetto della normativa vigente in materia di privacy (DLgs n. 196\/2003 e GDPR n. 679\/2016).<\/span><\/p>\n<p class=\"p1\"><span class=\"s1\">5) Luogo di trattamento <\/span><\/p>\n<p class=\"p1\"><span class=\"s1\">I dati verranno trattati dal titolare del trattamento presso la propria sede legale e sede operativa. <\/span><\/p>\n<p class=\"p1\"><span class=\"s1\">6) Natura del conferimento dei dati<\/span><\/p>\n<p class=\"p1\"><span class=\"s1\">Per le finalit\u00e0 di cui al punto 3) in caso di prenotazione per un soggiorno il conferimento dei dati \u00e8 obbligatorio e il loro mancato conferimento pu\u00f2 comportare l\u2019impossibilit\u00e0 di ottenere quanto richiesto. <\/span><\/p>\n<p class=\"p1\"><span class=\"s1\">Per le finalit\u00e0 di cui al punto 3a) il conferimento dei dati \u00e8 facoltativo e non impedisce l\u2019erogazione del servizio richiesto. <\/span><\/p>\n<p class=\"p1\"><span class=\"s1\">7) Rifiuto al conferimento dei dati <\/span><\/p>\n<p class=\"p1\"><span class=\"s1\">L\u2019interessato pu\u00f2 rifiutarsi di conferire al Titolare i suoi dati di navigazione. <\/span><\/p>\n<p class=\"p1\"><span class=\"s1\">Per fare ci\u00f2, deve disabilitare seguendo le istruzioni fornite dal browser in uso. <\/span><\/p>\n<p class=\"p1\"><span class=\"s1\">La disabilitazione dei cookies pu\u00f2 peggiorare la navigazione delle funzionalit\u00e0 del sito. <\/span><\/p>\n<p class=\"p1\"><span class=\"s1\">8) Destinatari dei dati <\/span><\/p>\n<p class=\"p1\"><span class=\"s1\">Nessun dato derivante dal servizio web (dati quindi di navigazione sopra specificati e cookies) viene comunicato o diffuso (salva la comunicazione ad organi giudiziari o di polizia se necessaria). <\/span><\/p>\n<p class=\"p1\"><span class=\"s1\">I dati sono trattati dal personale appositamente incaricato per iscritto al trattamento dei dati (personale amministrativo e addetti ai rapporti con il pubblico anche esterni alla Societ\u00e0, addetti alla gestione dei sistemi informativi anche esterni alla Struttura che possono anche svolgere funzioni di amministratore di sistema e sono in tal caso nominati tali, personale del settore marketing anche esterni alla Struttura, stagisti, responsabili del trattamento e loro collaboratori, incaricati del settore specifico a cui \u00e8 rivolta una richiesta, addetti alla gestione del sito anche esterni) solo qualora il trattamento sia necessario allo svolgimento delle loro mansioni compiendo solo operazioni necessarie allo svolgimento delle mansioni stesse.<\/span><\/p>\n<p class=\"p1\"><span class=\"s1\">Possono anche essere trattati da responsabili del trattamento (anche esterni alla struttura che svolgono attivit\u00e0 di spedizione, marketing, e gestione e conservazione server). Questi possono trattare i dati anche attraverso incaricati appositamente nominati per iscritto che possono svolgere le stesse attivit\u00e0 e trattare i dati per le stesse finalit\u00e0, per le quali i responsabili sono stati nominati da Palazzo Pulieri. <\/span><\/p>\n<p class=\"p1\"><span class=\"s1\">I dati forniti dall\u2019utente potranno essere comunicati ai soggetti per i quali sussista un obbligo di comunicazione ai sensi di legge o una necessit\u00e0 di comunicazione per far valere un giusto diritto della Struttura presso gli organi preposti.<\/span><\/p>\n<p class=\"p1\"><span class=\"s1\">9) Tempi di conservazione<\/span><\/p>\n<p class=\"p1\"><span class=\"s1\">I dati sono trattati per il tempo necessario allo svolgimento del servizio richiesto dall\u2019Utente, o richiesto dalle finalit\u00e0 descritte in questo documento. <\/span><\/p>\n<p class=\"p1\"><span class=\"s1\">L\u2019Utente pu\u00f2 sempre, in ogni momento, chiedere l\u2019interruzione del Trattamento o la cancellazione e\/o la limitazione dei dati. <\/span><\/p>\n<p class=\"p1\"><span class=\"s1\">10) Trasferimento dei dati<\/span><\/p>\n<p class=\"p1\"><span class=\"s1\">Il titolare del trasferimento non trasferisce i dati personali in paesi terzi o a organizzazioni internazionali. <\/span><\/p>\n<p class=\"p1\"><span class=\"s1\">11) Revoca del consenso<\/span><\/p>\n<p class=\"p1\"><span class=\"s1\">Con riferimento all\u2019art. 23 del D.Lgs. 196\/2003 e all\u2019art. 6 del GDPR 679\/2016, l\u2019interessato pu\u00f2 revocare il consenso in qualsiasi momento. <\/span><\/p>\n<p class=\"p1\"><span class=\"s1\">12) Diritti degli interessati <\/span><\/p>\n<p class=\"p1\"><span class=\"s1\">Con riferimento all\u2019art. 7 del D.Lgs. 196\/2003 e agli art. 15 \u201cdiritto al recesso\u201d, art. 16 \u201cdiritto di rettifica\u201d, art. 17 \u201cdiritto alla cancellazione\u201d, art. 18 \u201cdiritto alla limitazione del trattamento\u201d, art. 20 \u201cdiritto alla portabilit\u00e0\u201d, art. 21 \u201cdiritto di opposizione al processo decisionale automatizzato\u201d del GDPR 679\/2016, l\u2019interessato esercita i suoi diritti scrivendo al Titolare del trattamento al seguente indirizzo: Palazzo Pulieri, Via Roma n. 45, Altino (CH) \u2013 P.IVA 10761230589 \u2013 mail: <a href=\"mailto:info@palazzopulieri.it\"><span class=\"s2\">info@palazzopulieri.it<\/span><\/a>.<\/span><\/p>\n<p class=\"p1\"><span class=\"s1\">13) Proposizione del reclamo<\/span><\/p>\n<p class=\"p1\"><span class=\"s1\">L\u2019interessato ha diritto di proporre reclamo all\u2019autorit\u00e0 di controllo dello stato di residenza. <\/span><\/p>\n<p class=\"p1\"><span class=\"s1\">14) Processi decisionali automatizzati <\/span><\/p>\n<p class=\"p1\"><span class=\"s1\">Il Titolare non effettua trattamenti che consistano in processi decisionali automatizzati.<\/span><\/p>\n<p class=\"p1\"><span class=\"s1\">Informativa privacy sui cookie <\/span><\/p>\n<p class=\"p1\"><span class=\"s1\">15) Cookie <\/span><\/p>\n<p class=\"p1\"><span class=\"s1\">Definizione Cookie<\/span><\/p>\n<p class=\"p1\"><span class=\"s1\">I cookie sono piccoli file di testo che vengono inviati al tuo computer. <\/span><\/p>\n<p class=\"p1\"><span class=\"s1\">Il sito in oggetto utilizza i seguenti tipi di cookie: <\/span><\/p>\n<p class=\"p1\"><span class=\"s1\">&#8211; cookie tecnici di sessione: l\u2019uso dei c.d. cookie di sessione \u00e8 strettamente limitato alla trasmissione di identificativi di sessione (costituiti da numeri casuali generati dal server) necessari per consentire l\u2019esplorazione sicura ed efficiente del sito. Tali cookie evitano il ricorso ad altre tecniche informatiche potenzialmente pregiudizievoli per la riservatezza della navigazione degli utenti e non consentono l\u2019acquisizione di dati personali identificativi dell\u2019utente. Essi sono trattati in modalit\u00e0 informatica. <\/span><\/p>\n<p class=\"p1\"><span class=\"s1\">&#8211; cookie di consenso: sono quelli utilizzati per registrare il consenso all\u2019utilizzo di cookie analitycs e\/o di proliferazione. <\/span><\/p>\n<p class=\"p1\"><span class=\"s1\">&#8211; cookie tecnici: sono quelli essenziali per il corretto funzionamento del sito web. Questi cookie consentono di fornire i servizi richiesti dagli utenti e di navigare nel sito utilizzando le sue prestazioni migliori. Non possono essere disabilitati in quanto \u00e8 necessario per il corretto funzionamento del sito. <\/span><\/p>\n<p class=\"p1\"><span class=\"s1\">&#8211; cookie analytics: questo sito web utilizza Google Analytics, un servizio di analisi web fornito da Google, Inc. (Google). Google Analytics utilizza dei cookie, che sono file di testo che vengono depositati sul Vostro computer per consentire al sito web di analizzare come gli utenti utilizzano il sito. Le informazioni generate dal cookie sull\u2019utilizzo del sito web da parte Vostra (compreso il Vostro indirizzo IP) verranno trasmesse a, e depositate presso il server Google negli Stati Uniti. Google (autonomo titolare del trattamento) utilizzer\u00e0 queste informazioni allo scopo di tracciare ed esaminare il Vostro utilizzo del sito web, compilare report sulle attivit\u00e0 del sito web per gli operatori del sito web e fornire altri servizi relativi alle attivit\u00e0 del sito web e all\u2019utilizzo di internet. Google pu\u00f2 anche trasferire queste informazioni a terzi ove ci\u00f2 sia imposto dalla legge o laddove tali terzi trattino le suddette informazioni per conto di Google. Google non assocer\u00e0 il vostro indirizzo IP a nessun altro dato posseduto da Google. Potete rifiutarvi di usare i cookie selezionando l\u2019impostazione appropriata sul vostro browser, ma ci\u00f2 potrebbe impedirvi di utilizzare tutte le funzionalit\u00e0 di questo sito web. <\/span><\/p>\n<p class=\"p1\"><span class=\"s1\">16) Informazioni non contenute in questa policy<\/span><\/p>\n<p class=\"p1\"><span class=\"s1\">Maggiori informazioni in relazione al trattamento dei Dati Personali potranno essere richieste in qualsiasi momento al Titolare del Trattamento utilizzando le informazioni di contatto. <\/span><\/p>\n<p class=\"p1\"><span class=\"s1\">17) Modifiche a questa privacy policy<\/span><\/p>\n<p class=\"p1\"><span class=\"s1\">Il Titolare del Trattamento si riserva il diritto di apportare modifiche alla presente privacy policy in qualunque momento dandone pubblicit\u00e0 agli Utenti su questa pagina. Si prega dunque di consultare spesso questa pagina, prendendo come riferimento la data ultima modifica indicata in fondo. Nel caso di mancata accettazione delle modifiche apportate alla presente privacy policy, l\u2019Utente \u00e8 tenuto a cessare l\u2019utilizzo di questa Applicazione e pu\u00f2 richiedere al Titolare del Trattamento di rimuovere i propri Dati Personali. Salvo quanto diversamente specificato. <\/span><\/p>\n<p class=\"p1\"><span class=\"s1\">18) Informazioni su questa privacy policy <\/span><\/p>\n<p class=\"p1\"><span class=\"s1\">Il Titolare del trattamento dei Dati \u00e8 responsabile per questa privacy policy<\/span><\/p>\n<p class=\"p1\"><span class=\"s1\">19) La Privacy dei minorenni<\/span><\/p>\n<p class=\"p1\"><span class=\"s1\">Il nostro sito web \u00e8 diretto a un pubblico generalista e non offre servizi indirizzati ai bambini. Se scopriamo che un minorenne ci ha fornito dati personali senza l\u2019autorizzazione dei genitori o del tutore, provvederemo a cancellare immediatamente tali informazioni. <\/span><\/p>\n<p class=\"p1\"><span class=\"s1\">20) Difesa in giudizio<\/span><\/p>\n<p class=\"p1\"><span class=\"s1\">I Dati Personali dell\u2019Utente possono essere utilizzati per la difesa da parte del Titolare in giudizio o nelle fasi propedeutiche alla sua eventuale instaurazione, da abusi nell\u2019utilizzo della stessa o dei servizi connessi da parte dell\u2019Utente. <\/span><\/p>\n<p class=\"p1\"><span class=\"s1\">A seguito di citazione in giudizio, ordinanza giudiziaria o altra iniziativa legale; al fine di stabilire o esercitare i diritti a noi riconosciuti dalla legge; per difenderci nell\u2019eventualit\u00e0 di azione legale ai nostri danni o per altra finalit\u00e0 dettata dalla legge. <\/span><\/p>\n<p class=\"p1\"><span class=\"s1\">L\u2019Utente dichiara di essere consapevole che al Titolare potrebbe essere richiesto di rivelare i Dati su richiesta delle pubbliche autorit\u00e0. <\/span><\/p>\n<p class=\"p1\"><span class=\"s1\">21) Riferimenti legali<\/span><\/p>\n<p class=\"p1\"><span class=\"s1\">La presente informativa \u00e8 redatta in adempimento degli obblighi previsti dal D.Lgs. 196\/2003 e del GDPR 679\/2016, dall\u2019art. 10 della Direttiva n. 95\/46\/CE, nonch\u00e9 da quanto previsto dalla Direttiva 2009\/136\/CE in materia di Cookie. <\/span><\/p>\n<p class=\"p1\"><span class=\"s1\">Questa informativa privacy riguarda solo questo sito web. <\/span><\/p>\n<div id=\"themify_builder_content-967\" data-postid=\"967\" class=\"themify_builder_content themify_builder_content-967 themify_builder\">\n\n    <\/div>\n<!-- \/themify_builder_content -->","protected":false},"excerpt":{"rendered":"<p>Informative sito internet www.palazzopulieri.it &#8211; Informativa di navigazione del sito internet &#8211; Informativa dei cookies INFORMATIVA DI NAVIGAZIONE E DEI COOKIES DEL SITO INTERNET Questa informativa descrive ampiamente le pratiche che abbiamo adottato. In questa pagina si descrivono le modalit\u00e0 di gestione del sito in riferimento al trattamento dei dati personali degli utenti che lo [&hellip;]<\/p>\n","protected":false},"author":1,"featured_media":0,"parent":0,"menu_order":0,"comment_status":"closed","ping_status":"closed","template":"","meta":{"_monsterinsights_skip_tracking":false,"_monsterinsights_sitenote_active":false,"_monsterinsights_sitenote_note":"","_monsterinsights_sitenote_category":0,"footnotes":""},"class_list":["post-967","page","type-page","status-publish","hentry","has-post-title","has-post-date","has-post-category","has-post-tag","has-post-comment","has-post-author",""],"_links":{"self":[{"href":"https:\/\/palazzopulieri.it\/en\/wp-json\/wp\/v2\/pages\/967","targetHints":{"allow":["GET"]}}],"collection":[{"href":"https:\/\/palazzopulieri.it\/en\/wp-json\/wp\/v2\/pages"}],"about":[{"href":"https:\/\/palazzopulieri.it\/en\/wp-json\/wp\/v2\/types\/page"}],"author":[{"embeddable":true,"href":"https:\/\/palazzopulieri.it\/en\/wp-json\/wp\/v2\/users\/1"}],"replies":[{"embeddable":true,"href":"https:\/\/palazzopulieri.it\/en\/wp-json\/wp\/v2\/comments?post=967"}],"version-history":[{"count":3,"href":"https:\/\/palazzopulieri.it\/en\/wp-json\/wp\/v2\/pages\/967\/revisions"}],"predecessor-version":[{"id":970,"href":"https:\/\/palazzopulieri.it\/en\/wp-json\/wp\/v2\/pages\/967\/revisions\/970"}],"wp:attachment":[{"href":"https:\/\/palazzopulieri.it\/en\/wp-json\/wp\/v2\/media?parent=967"}],"curies":[{"name":"wp","href":"https:\/\/api.w.org\/{rel}","templated":true}]}}